{"id":24,"date":"2020-06-07T14:55:58","date_gmt":"2020-06-07T12:55:58","guid":{"rendered":"http:\/\/www.jbensmai.fr\/pommier\/?page_id=24"},"modified":"2025-05-19T21:11:06","modified_gmt":"2025-05-19T19:11:06","slug":"a-propos","status":"publish","type":"page","link":"https:\/\/jbensmai.fr\/pommier\/index.php\/a-propos\/","title":{"rendered":"D\u00e9couvrir les environs"},"content":{"rendered":"\n<h2 id=\"tourette\">Historique de la Tourette<\/h2>\n\n\n\n<div class=\"wp-block-image\"><figure class=\"alignright size-medium\"><img loading=\"lazy\" width=\"300\" height=\"225\" src=\"https:\/\/jbensmai.fr\/pommier\/wp-content\/uploads\/2025\/05\/Briochette-300x225.jpg\" alt=\"\" class=\"wp-image-231\" srcset=\"https:\/\/jbensmai.fr\/pommier\/wp-content\/uploads\/2025\/05\/Briochette-300x225.jpg 300w, https:\/\/jbensmai.fr\/pommier\/wp-content\/uploads\/2025\/05\/Briochette-1024x768.jpg 1024w, https:\/\/jbensmai.fr\/pommier\/wp-content\/uploads\/2025\/05\/Briochette-768x576.jpg 768w, https:\/\/jbensmai.fr\/pommier\/wp-content\/uploads\/2025\/05\/Briochette-1536x1152.jpg 1536w, https:\/\/jbensmai.fr\/pommier\/wp-content\/uploads\/2025\/05\/Briochette-2048x1536.jpg 2048w\" sizes=\"(max-width: 300px) 100vw, 300px\" \/><figcaption><em>Briochette, n\u00e9e en 2023<\/em><\/figcaption><\/figure><\/div>\n\n\n\n<p>La Tourette, lieu dit de La Couronne en Charente, est un plateau calcaire situ\u00e9 aux portes Sud d\u2019Angoul\u00eame. Il est bord\u00e9 par deux rivi\u00e8res, au nord Les Eaux Claires, au sud La Charreau. Deux axes routiers importants, la RN 10 \u00e0 l\u2019ouest, la D 674 \u00e0 l\u2019est, compl\u00e8tent sa situation g\u00e9ographique favorable \u00e0 la pr\u00e9servation de la nature.<\/p>\n\n\n\n<p>De par sa constitution, le plateau calcaire de la Tourette a vu se g\u00e9n\u00e9raliser des carri\u00e8res de pierre, maintenant disparues, enfouies sous la v\u00e9g\u00e9tation ou combl\u00e9es.<\/p>\n\n\n\n<p>Toutefois, un changement s&rsquo;est op\u00e9r\u00e9 dans la deuxi\u00e8me partie du 19\u00e8me si\u00e8cle :<\/p>\n\n\n\n<ul><li>cr\u00e9ation de la ferme de la Petite Tourette en 1856 par John Alexandre de Champvallier, d\u00e9put\u00e9 monarchiste de la Charente,<\/li><li>installation de l&rsquo;hippodrome en 1856 sur les terrains appartenant \u00e0 la famille Hennessy par la Soci\u00e9t\u00e9 des Courses dont le 1er pr\u00e9sident fut Richard Hennessy.<\/li><\/ul>\n\n\n\n<div class=\"wp-block-image\"><figure class=\"alignright size-medium\"><img loading=\"lazy\" width=\"300\" height=\"226\" src=\"https:\/\/jbensmai.fr\/pommier\/wp-content\/uploads\/2025\/05\/groupe-300x226.jpg\" alt=\"\" class=\"wp-image-232\" srcset=\"https:\/\/jbensmai.fr\/pommier\/wp-content\/uploads\/2025\/05\/groupe-300x226.jpg 300w, https:\/\/jbensmai.fr\/pommier\/wp-content\/uploads\/2025\/05\/groupe.jpg 710w\" sizes=\"(max-width: 300px) 100vw, 300px\" \/><figcaption>Restons group\u00e9s !<\/figcaption><\/figure><\/div>\n\n\n\n<p>Pendant la derni\u00e8re partie du 20 \u00e8me si\u00e8cle, le centre \u00e9questre est venu s&rsquo;installer dans la continuit\u00e9 de l&rsquo;hippodrome et offrir ainsi une diversit\u00e9 pour l&rsquo;\u00e9quitation avec en ligne de mire l&rsquo;environnement Nature des lieux.<\/p>\n\n\n\n<p>L&rsquo;activit\u00e9 agricole, autrefois pr\u00e9dominante avec deux fermes jusqu&rsquo;en fin du 20\u00e8me si\u00e8cle et un centre d&rsquo;ins\u00e9mination artificielle pour bovins, est maintenant restreinte. C&rsquo;est surtout son attrait sportif et naturel qui est devenu son poumon \u00e9conomique.<\/p>\n\n\n\n<p>L&rsquo;essor urbain a fait \u00e9galement se d\u00e9velopper l&rsquo;habitat par lotissement, heureusement limit\u00e9 pour sauvegarder l&rsquo;int\u00e9r\u00eat de la faune et de la flore sp\u00e9cifique au plateau calcaire. On retrouve l&rsquo;habitat sous deux sites principaux : le Logis de La Tourette et le Chalet des Jockeys.<\/p>\n\n\n\n<p>Sa configuration g\u00e9ographique offre une superficie disponible d&rsquo;environ 260 ha et a maintenu un isolement favorable \u00e0 la flore et \u00e0 la faune sauvage (sangliers et chevreuils en particulier). L&rsquo;activit\u00e9 sportive y a \u00e9galement un nid pour la randonn\u00e9e, quelle soit \u00e0 pied, en VTT ou \u00e0 cheval.<\/p>\n\n\n\n<div class=\"wp-block-image\"><figure class=\"alignright size-medium\"><img loading=\"lazy\" width=\"300\" height=\"225\" src=\"https:\/\/jbensmai.fr\/pommier\/wp-content\/uploads\/2025\/05\/P1020777-300x225.jpg\" alt=\"\" class=\"wp-image-239\" srcset=\"https:\/\/jbensmai.fr\/pommier\/wp-content\/uploads\/2025\/05\/P1020777-300x225.jpg 300w, https:\/\/jbensmai.fr\/pommier\/wp-content\/uploads\/2025\/05\/P1020777-1024x768.jpg 1024w, https:\/\/jbensmai.fr\/pommier\/wp-content\/uploads\/2025\/05\/P1020777-768x576.jpg 768w, https:\/\/jbensmai.fr\/pommier\/wp-content\/uploads\/2025\/05\/P1020777-1536x1152.jpg 1536w, https:\/\/jbensmai.fr\/pommier\/wp-content\/uploads\/2025\/05\/P1020777-2048x1536.jpg 2048w\" sizes=\"(max-width: 300px) 100vw, 300px\" \/><figcaption>Qui me regarde ??<\/figcaption><\/figure><\/div>\n\n\n\n<p>Cette sauvegarde du milieu a permis \u00e9galement de concr\u00e9tiser des projets de remise en \u00e9tat de pelouses calcaires qui verront le jour en d\u00e9but de 21\u00e8me si\u00e8cle.<\/p>\n\n\n\n<h2 id=\"ecopaturage\">Ecopaturage Natura 2000<\/h2>\n\n\n\n<p>L\u2019activit\u00e9 agricole sur la ferme de La Tourette&nbsp; s\u2019est amenuis\u00e9e \u00e0 la fin du 20\u00e8me car la superficie disponible ne correspondait plus aux normes de productivit\u00e9 agricole en cours actuellement. Cela a entrain\u00e9 une absence de reprise au moment de la retraite de l\u2019agriculteur. Maintenant, elle ne se maintient que par location de parcelles tr\u00e8s productives en ma\u00efsiculture ou facilement accessibles au p\u00e2turage des chevaux.<\/p>\n\n\n\n<p>Les parties bois\u00e9es, en chaumes ou de nature tourbeuse, n\u2019ont plus \u00e9t\u00e9 entretenues. Cet \u00e9tat a g\u00e9n\u00e8r\u00e9 alors une fermeture du milieu. Les diff\u00e9rents propri\u00e9taires ont donc engag\u00e9, avec l\u2019aide la r\u00e9gion, une d\u00e9marche d\u2019entretien par \u00e9cop\u00e2turage par le biais d\u2019un contrat Natura 2000 en 2017.<\/p>\n\n\n\n<div class=\"wp-block-image\"><figure class=\"alignright size-medium\"><img loading=\"lazy\" width=\"300\" height=\"226\" src=\"https:\/\/jbensmai.fr\/pommier\/wp-content\/uploads\/2025\/05\/pilou-300x226.jpg\" alt=\"\" class=\"wp-image-234\" srcset=\"https:\/\/jbensmai.fr\/pommier\/wp-content\/uploads\/2025\/05\/pilou-300x226.jpg 300w, https:\/\/jbensmai.fr\/pommier\/wp-content\/uploads\/2025\/05\/pilou.jpg 710w\" sizes=\"(max-width: 300px) 100vw, 300px\" \/><figcaption>Pilou, le ma\u00eetre des lieux<\/figcaption><\/figure><\/div>\n\n\n\n<p>Le contrat a \u00e9t\u00e9 finalis\u00e9 en fin d\u2019ann\u00e9e 2017. Pouvaient alors d\u00e9buter les travaux de cl\u00f4ture. Les diff\u00e9rents al\u00e9as administratifs, ou techniques, et m\u00eame sanitaires en ont retard\u00e9 la r\u00e9alisation. Toutefois, les cl\u00f4tures ont \u00e9t\u00e9 mises en place en janvier 2020 et les parcs d\u00e9finis ont pu accueillir des moutons et un \u00e2ne. Des ch\u00e8vres les ont rejoints plus tard.<\/p>\n\n\n\n<p>Vous pourrez d\u00e9couvrir cette r\u00e9alisation proche de l&rsquo;aire d&rsquo;accueil de camping-car et glaner quelques informations sur ces r\u00e9sidents \u00e0 quatre pattes.<\/p>\n\n\n\n<h2 id=\"eauxclaires\">D\u00e9couverte des Eaux Claires<\/h2>\n\n\n\n<p>\u00c0 venir&#8230;<\/p>\n\n\n\n<div class=\"wp-block-image\"><figure class=\"alignright size-medium\"><img loading=\"lazy\" width=\"300\" height=\"226\" src=\"https:\/\/jbensmai.fr\/pommier\/wp-content\/uploads\/2025\/05\/denise-roger-300x226.jpg\" alt=\"\" class=\"wp-image-235\" srcset=\"https:\/\/jbensmai.fr\/pommier\/wp-content\/uploads\/2025\/05\/denise-roger-300x226.jpg 300w, https:\/\/jbensmai.fr\/pommier\/wp-content\/uploads\/2025\/05\/denise-roger.jpg 710w\" sizes=\"(max-width: 300px) 100vw, 300px\" \/><figcaption>Denise et Roger, les ch\u00e8vres<\/figcaption><\/figure><\/div>\n\n\n\n<h2 id=\"animations\">Animations de l&rsquo;Angoumois<\/h2>\n\n\n\n<p>\u00c0 venir&#8230;<\/p>\n","protected":false},"excerpt":{"rendered":"<p>Historique de la Tourette La Tourette, lieu dit de La Couronne en Charente, est un plateau calcaire situ\u00e9 aux portes Sud d\u2019Angoul\u00eame. Il est bord\u00e9 par deux rivi\u00e8res, au nord Les Eaux Claires, au sud La Charreau. Deux axes routiers importants, la RN 10 \u00e0 l\u2019ouest, la D 674 \u00e0 l\u2019est, compl\u00e8tent sa situation g\u00e9ographique [&hellip;]<\/p>\n","protected":false},"author":1,"featured_media":0,"parent":0,"menu_order":0,"comment_status":"closed","ping_status":"closed","template":"","meta":[],"_links":{"self":[{"href":"https:\/\/jbensmai.fr\/pommier\/index.php\/wp-json\/wp\/v2\/pages\/24"}],"collection":[{"href":"https:\/\/jbensmai.fr\/pommier\/index.php\/wp-json\/wp\/v2\/pages"}],"about":[{"href":"https:\/\/jbensmai.fr\/pommier\/index.php\/wp-json\/wp\/v2\/types\/page"}],"author":[{"embeddable":true,"href":"https:\/\/jbensmai.fr\/pommier\/index.php\/wp-json\/wp\/v2\/users\/1"}],"replies":[{"embeddable":true,"href":"https:\/\/jbensmai.fr\/pommier\/index.php\/wp-json\/wp\/v2\/comments?post=24"}],"version-history":[{"count":34,"href":"https:\/\/jbensmai.fr\/pommier\/index.php\/wp-json\/wp\/v2\/pages\/24\/revisions"}],"predecessor-version":[{"id":242,"href":"https:\/\/jbensmai.fr\/pommier\/index.php\/wp-json\/wp\/v2\/pages\/24\/revisions\/242"}],"wp:attachment":[{"href":"https:\/\/jbensmai.fr\/pommier\/index.php\/wp-json\/wp\/v2\/media?parent=24"}],"curies":[{"name":"wp","href":"https:\/\/api.w.org\/{rel}","templated":true}]}}