{"id":174,"date":"2020-09-09T18:50:32","date_gmt":"2020-09-09T16:50:32","guid":{"rendered":"http:\/\/jbensmai.fr\/pommier\/?page_id=174"},"modified":"2021-05-16T17:03:28","modified_gmt":"2021-05-16T15:03:28","slug":"accueil","status":"publish","type":"page","link":"https:\/\/jbensmai.fr\/pommier\/","title":{"rendered":"Bienvenue aux Pommiers de la Tourette !"},"content":{"rendered":"\n<p>Le grand air de la Charente pour vous et votre camping car !<\/p>\n\n\n\n<div class=\"wp-block-image\"><figure class=\"aligncenter size-large is-resized\"><img loading=\"lazy\" src=\"http:\/\/jbensmai.fr\/pommier\/wp-content\/uploads\/2021\/05\/P1000372-1024x768.jpg\" alt=\"\" class=\"wp-image-211\" width=\"512\" height=\"384\" srcset=\"https:\/\/jbensmai.fr\/pommier\/wp-content\/uploads\/2021\/05\/P1000372-1024x768.jpg 1024w, https:\/\/jbensmai.fr\/pommier\/wp-content\/uploads\/2021\/05\/P1000372-300x225.jpg 300w, https:\/\/jbensmai.fr\/pommier\/wp-content\/uploads\/2021\/05\/P1000372-768x576.jpg 768w, https:\/\/jbensmai.fr\/pommier\/wp-content\/uploads\/2021\/05\/P1000372-1536x1152.jpg 1536w, https:\/\/jbensmai.fr\/pommier\/wp-content\/uploads\/2021\/05\/P1000372-2048x1536.jpg 2048w\" sizes=\"(max-width: 512px) 100vw, 512px\" \/><\/figure><\/div>\n\n\n\n<p>Bien que situ\u00e9 aux portes d&rsquo;Angoul\u00eame, le plateau calcaire de La Tourette, est depuis toujours pr\u00e9sent\u00e9 comme un milieu favorable \u00e0 la pr\u00e9servation de la nature. Cette particularit\u00e9 est reconnue par son classement en zone Natura 2000 et par sa fr\u00e9quentation de sportifs. Son habitat peu dense, son activit\u00e9 agricole, maintenant restreinte et surtout son attrait sportif et naturel ont montr\u00e9 une orientation diff\u00e9rente \u00e0 son avenir \u00e9conomique. D\u2019o\u00f9 l\u2019id\u00e9e de partager cet espace et de le faire d\u00e9couvrir par le biais d\u2019une aire d\u2019accueil pour camping-caristes qui permet aux touristes de d\u00e9couvrir \u00e0 pied, ou en v\u00e9lo, ou \u00e0 cheval, les sentiers de ce plateau sauvegard\u00e9 de toute circulation automobile.<\/p>\n","protected":false},"excerpt":{"rendered":"<p>Le grand air de la Charente pour vous et votre camping car ! Bien que situ\u00e9 aux portes d&rsquo;Angoul\u00eame, le plateau calcaire de La Tourette, est depuis toujours pr\u00e9sent\u00e9 comme un milieu favorable \u00e0 la pr\u00e9servation de la nature. Cette particularit\u00e9 est reconnue par son classement en zone Natura 2000 et par sa fr\u00e9quentation de [&hellip;]<\/p>\n","protected":false},"author":1,"featured_media":0,"parent":0,"menu_order":0,"comment_status":"closed","ping_status":"closed","template":"","meta":[],"_links":{"self":[{"href":"https:\/\/jbensmai.fr\/pommier\/index.php\/wp-json\/wp\/v2\/pages\/174"}],"collection":[{"href":"https:\/\/jbensmai.fr\/pommier\/index.php\/wp-json\/wp\/v2\/pages"}],"about":[{"href":"https:\/\/jbensmai.fr\/pommier\/index.php\/wp-json\/wp\/v2\/types\/page"}],"author":[{"embeddable":true,"href":"https:\/\/jbensmai.fr\/pommier\/index.php\/wp-json\/wp\/v2\/users\/1"}],"replies":[{"embeddable":true,"href":"https:\/\/jbensmai.fr\/pommier\/index.php\/wp-json\/wp\/v2\/comments?post=174"}],"version-history":[{"count":11,"href":"https:\/\/jbensmai.fr\/pommier\/index.php\/wp-json\/wp\/v2\/pages\/174\/revisions"}],"predecessor-version":[{"id":214,"href":"https:\/\/jbensmai.fr\/pommier\/index.php\/wp-json\/wp\/v2\/pages\/174\/revisions\/214"}],"wp:attachment":[{"href":"https:\/\/jbensmai.fr\/pommier\/index.php\/wp-json\/wp\/v2\/media?parent=174"}],"curies":[{"name":"wp","href":"https:\/\/api.w.org\/{rel}","templated":true}]}}