{"id":17,"date":"2020-06-07T14:55:01","date_gmt":"2020-06-07T12:55:01","guid":{"rendered":"http:\/\/www.jbensmai.fr\/pommier\/?page_id=17"},"modified":"2025-05-12T14:11:54","modified_gmt":"2025-05-12T12:11:54","slug":"aire-de-camping-car","status":"publish","type":"page","link":"https:\/\/jbensmai.fr\/pommier\/index.php\/aire-de-camping-car\/","title":{"rendered":"Aire de camping car"},"content":{"rendered":"\n<h2 id=\"accueil\">Accueil des camping-caristes<\/h2>\n\n\n\n<div class=\"wp-block-image\"><figure class=\"alignright size-large is-resized\"><img loading=\"lazy\" src=\"http:\/\/www.jbensmai.fr\/pommier\/wp-content\/uploads\/2020\/09\/aire2-1024x768.jpg\" alt=\"\" class=\"wp-image-105\" width=\"285\" height=\"214\" srcset=\"https:\/\/jbensmai.fr\/pommier\/wp-content\/uploads\/2020\/09\/aire2-1024x768.jpg 1024w, https:\/\/jbensmai.fr\/pommier\/wp-content\/uploads\/2020\/09\/aire2-300x225.jpg 300w, https:\/\/jbensmai.fr\/pommier\/wp-content\/uploads\/2020\/09\/aire2-768x576.jpg 768w, https:\/\/jbensmai.fr\/pommier\/wp-content\/uploads\/2020\/09\/aire2-1536x1152.jpg 1536w, https:\/\/jbensmai.fr\/pommier\/wp-content\/uploads\/2020\/09\/aire2-2048x1536.jpg 2048w\" sizes=\"(max-width: 285px) 100vw, 285px\" \/><figcaption><em>Ca ne manque pas d&rsquo;air(e) !<\/em><\/figcaption><\/figure><\/div>\n\n\n\n<p>Projet un peu fou, cette r\u00e9alisation a pour but, non seulement d\u2019accueillir les camping caristes, mais aussi de permettre de d\u00e9couvrir la campagne angoumoisine aux abords d\u2019une grande ville par le biais de chemins priv\u00e9s ouverts au public, soit \u00e0 pied, soit en v\u00e9lo, soit \u00e0 cheval. Les moyens \u00e0 moteur sont totalement proscrits pour prot\u00e9ger la faune et la flore.<\/p>\n\n\n\n<p>L\u2019aire d\u2019accueil pour camping car<strong> (moins de 4,0T)<\/strong> ou van am\u00e9nag\u00e9 est situ\u00e9e 19 route de la Petite Tourette \u00e0 La Couronne. Elle a \u00e9t\u00e9\u00a0r\u00e9alis\u00e9e pendant les ann\u00e9es 2018 \u00e0 2020 pour finalement \u00eatre ouverte \u00e0 l\u2019\u00e9t\u00e9 2020.<\/p>\n\n\n\n<p>D\u00e8s le d\u00e9part, il a fallu orienter le projet pour respecter les imp\u00e9ratifs de construction en zone Natura 2000 et d\u2019accueil en s\u00e9curit\u00e9 des futurs utilisateurs, avec le souci d\u2019en faciliter l\u2019usage aux personnes \u00e0 mobilit\u00e9 r\u00e9duite.<\/p>\n\n\n\n<p>Apr\u00e8s avoir d\u00e9pass\u00e9 les entr\u00e9es de l\u2019hippodrome et du centre \u00e9questre, vous pourrez acc\u00e9der aux installations d\u00e9di\u00e9es \u00e0 l\u2019activit\u00e9 de camping carisme\u00a0:<\/p>\n\n\n\n<div class=\"wp-block-image\"><figure class=\"alignright size-large is-resized\"><img loading=\"lazy\" src=\"http:\/\/www.jbensmai.fr\/pommier\/wp-content\/uploads\/2020\/09\/aire-1024x768.jpg\" alt=\"\" class=\"wp-image-103\" width=\"285\" height=\"214\" srcset=\"https:\/\/jbensmai.fr\/pommier\/wp-content\/uploads\/2020\/09\/aire-1024x768.jpg 1024w, https:\/\/jbensmai.fr\/pommier\/wp-content\/uploads\/2020\/09\/aire-300x225.jpg 300w, https:\/\/jbensmai.fr\/pommier\/wp-content\/uploads\/2020\/09\/aire-768x576.jpg 768w, https:\/\/jbensmai.fr\/pommier\/wp-content\/uploads\/2020\/09\/aire-1536x1152.jpg 1536w, https:\/\/jbensmai.fr\/pommier\/wp-content\/uploads\/2020\/09\/aire-2048x1536.jpg 2048w\" sizes=\"(max-width: 285px) 100vw, 285px\" \/><figcaption><em>Qu&rsquo;il est bien de se poser \ud83d\ude42 !<\/em><\/figcaption><\/figure><\/div>\n\n\n\n<ul><li>Aire de vidange avec borne d\u2019alimentation en eau et en \u00e9lectricit\u00e9, ainsi qu&rsquo;\u00e9vacuation des d\u00e9chets par tri par les camping-caristes, avec un monnayeur acceptant seulement les pi\u00e8ces de 2\u20ac.<\/li><li>Aire de stationnement.<\/li><li>Borne d&rsquo;alimentation en \u00e9lectricit\u00e9 sur les emplacements \u00e0 partir d\u2019un monnayeur acceptant les pi\u00e8ces de 0,50 \u20ac, 1\u20ac et 2\u20ac.<\/li><li>Local d\u2019information et de services (toujours en projet) avec douche PMR, lave-linge, \u00e9vier.<\/li><\/ul>\n\n\n\n<p>Une signal\u00e9tique \u00e0 l\u2019entr\u00e9e vous indiquera le fonctionnement du site \u00e9tabli sur la zone Natura 2000.<\/p>\n\n\n\n<h2 id=\"tarifs\">Les tarifs<\/h2>\n\n\n\n<figure class=\"wp-block-table is-style-stripes\"><table class=\"has-fixed-layout\"><thead><tr><th class=\"has-text-align-center\" data-align=\"center\">Service (Ann\u00e9e 2025)<\/th><th class=\"has-text-align-center\" data-align=\"center\">Tarif<\/th><\/tr><\/thead><tbody><tr><td class=\"has-text-align-center\" data-align=\"center\"><strong>Borne sur aire de vidange<\/strong><\/td><td class=\"has-text-align-center\" data-align=\"center\"><\/td><\/tr><tr><td class=\"has-text-align-center\" data-align=\"center\">Vidange de la caissette WC Chimiques et du caisson Eaux M\u00e9nag\u00e8res, le rin\u00e7age de la caissette WC et la fourniture en eau potable pour 150 litres<\/td><td class=\"has-text-align-center\" data-align=\"center\">2\u20ac<\/td><\/tr><tr><td class=\"has-text-align-center\" data-align=\"center\">Electricit\u00e9 pour recharge des batteries (2 heures d\u2019alimentation)<br>en d\u00e9pannage<\/td><td class=\"has-text-align-center\" data-align=\"center\">2\u20ac<\/td><\/tr><tr><td class=\"has-text-align-center\" data-align=\"center\">Evacuation des d\u00e9chets valorisables<\/td><td class=\"has-text-align-center\" data-align=\"center\">Gratuit<\/td><\/tr><tr><td class=\"has-text-align-center\" data-align=\"center\">Evacuation des bio-d\u00e9chets par compostage<\/td><td class=\"has-text-align-center\" data-align=\"center\">Gratuit<\/td><\/tr><tr><td class=\"has-text-align-center\" data-align=\"center\">Evacuation des ordures m\u00e9nag\u00e8res<\/td><td class=\"has-text-align-center\" data-align=\"center\">Gratuit<\/td><\/tr><tr><td class=\"has-text-align-center\" data-align=\"center\">Evacuation du verre sur borne collective \u00e0 moins de 300 m\u00e8tres<\/td><td class=\"has-text-align-center\" data-align=\"center\">Gratuit<\/td><\/tr><tr><td class=\"has-text-align-center\" data-align=\"center\"><strong>Emplacement de stationnement<\/strong><\/td><td class=\"has-text-align-center\" data-align=\"center\"><\/td><\/tr><tr><td class=\"has-text-align-center\" data-align=\"center\">Stationnement par jour (maximum 5 jours cons\u00e9cutifs)<\/td><td class=\"has-text-align-center\" data-align=\"center\">3\u20ac<\/td><\/tr><tr><td class=\"has-text-align-center\" data-align=\"center\">Taxe de s\u00e9jour par jour et par personne<\/td><td class=\"has-text-align-center\" data-align=\"center\">0,55\u20ac<\/td><\/tr><tr><td class=\"has-text-align-center\" data-align=\"center\">Electricit\u00e9 sur emplacement de stationnement par demi-heure<\/td><td class=\"has-text-align-center\" data-align=\"center\">0,50\u20ac<\/td><\/tr><\/tbody><\/table><\/figure>\n\n\n\n<p class=\"has-text-align-center\"><span class=\"has-inline-color has-vivid-red-color\"><strong>Attention aux modifications tarifaires au 1er f\u00e9vrier de chaque ann\u00e9e<\/strong><\/span><\/p>\n\n\n\n<p>N&rsquo;oubliez pas de vous munir de monnaie en 0,50 \u20ac, 1 \u20ac et 2 \u20ac<\/p>\n\n\n\n<figure class=\"wp-block-table is-style-stripes\"><table class=\"has-fixed-layout\"><thead><tr><th class=\"has-text-align-center\" data-align=\"center\">Pr\u00e9vision sur les ann\u00e9es prochaines<\/th><th class=\"has-text-align-center\" data-align=\"center\">Tarif<\/th><\/tr><\/thead><tbody><tr><td class=\"has-text-align-center\" data-align=\"center\">Informations touristiques<\/td><td class=\"has-text-align-center\" data-align=\"center\">Gratuit<\/td><\/tr><tr><td class=\"has-text-align-center\" data-align=\"center\">Machine \u00e0 laver<\/td><td class=\"has-text-align-center\" data-align=\"center\">En attente<\/td><\/tr><tr><td class=\"has-text-align-center\" data-align=\"center\">Douche<\/td><td class=\"has-text-align-center\" data-align=\"center\">En attente<\/td><\/tr><\/tbody><\/table><\/figure>\n\n\n\n<h2 id=\"reglement\">Le r\u00e8glement int\u00e9rieur<\/h2>\n\n\n\n<p><a href=\"http:\/\/jbensmai.fr\/pommier\/wp-content\/uploads\/2025\/05\/reglement.pdf\">Cliquez ici pour t\u00e9l\u00e9charger le r\u00e8glement int\u00e9rieur <\/a><\/p>\n","protected":false},"excerpt":{"rendered":"<p>Accueil des camping-caristes Projet un peu fou, cette r\u00e9alisation a pour but, non seulement d\u2019accueillir les camping caristes, mais aussi de permettre de d\u00e9couvrir la campagne angoumoisine aux abords d\u2019une grande ville par le biais de chemins priv\u00e9s ouverts au public, soit \u00e0 pied, soit en v\u00e9lo, soit \u00e0 cheval. Les moyens \u00e0 moteur sont [&hellip;]<\/p>\n","protected":false},"author":1,"featured_media":0,"parent":0,"menu_order":0,"comment_status":"closed","ping_status":"closed","template":"","meta":[],"_links":{"self":[{"href":"https:\/\/jbensmai.fr\/pommier\/index.php\/wp-json\/wp\/v2\/pages\/17"}],"collection":[{"href":"https:\/\/jbensmai.fr\/pommier\/index.php\/wp-json\/wp\/v2\/pages"}],"about":[{"href":"https:\/\/jbensmai.fr\/pommier\/index.php\/wp-json\/wp\/v2\/types\/page"}],"author":[{"embeddable":true,"href":"https:\/\/jbensmai.fr\/pommier\/index.php\/wp-json\/wp\/v2\/users\/1"}],"replies":[{"embeddable":true,"href":"https:\/\/jbensmai.fr\/pommier\/index.php\/wp-json\/wp\/v2\/comments?post=17"}],"version-history":[{"count":38,"href":"https:\/\/jbensmai.fr\/pommier\/index.php\/wp-json\/wp\/v2\/pages\/17\/revisions"}],"predecessor-version":[{"id":221,"href":"https:\/\/jbensmai.fr\/pommier\/index.php\/wp-json\/wp\/v2\/pages\/17\/revisions\/221"}],"wp:attachment":[{"href":"https:\/\/jbensmai.fr\/pommier\/index.php\/wp-json\/wp\/v2\/media?parent=17"}],"curies":[{"name":"wp","href":"https:\/\/api.w.org\/{rel}","templated":true}]}}