{"id":12,"date":"2020-06-07T14:34:49","date_gmt":"2020-06-07T12:34:49","guid":{"rendered":"http:\/\/www.jbensmai.fr\/pommier\/?page_id=12"},"modified":"2025-05-12T13:58:45","modified_gmt":"2025-05-12T11:58:45","slug":"informations-pratiques","status":"publish","type":"page","link":"https:\/\/jbensmai.fr\/pommier\/index.php\/informations-pratiques\/","title":{"rendered":"Informations pratiques"},"content":{"rendered":"\n<h2 id=\"venir\">Venir \u00e0 l&rsquo;aire d&rsquo;accueil<\/h2>\n\n\n\n<center><iframe src=\"https:\/\/www.google.com\/maps\/embed?pb=!1m14!1m8!1m3!1d5581.002887101088!2d0.134297!3d45.620662!3m2!1i1024!2i768!4f13.1!3m3!1m2!1s0x47fe2d15359b30cd%3A0x76b5c1c089017818!2s19%20Rue%20de%20la%20Petite%20Tourette%2C%2016400%20La%20Couronne!5e0!3m2!1sfr!2sfr!4v1599669427323!5m2!1sfr!2sfr\" width=\"600\" height=\"450\" frameborder=\"0\" style=\"border:3px solid gray;\" allowfullscreen=\"\" aria-hidden=\"false\" tabindex=\"0\"><\/iframe><\/center>\n\n\n\n<h2 id=\"destination\">Pour parvenir \u00e0 destination<\/h2>\n\n\n\n<div class=\"wp-block-image\"><figure class=\"aligncenter size-large is-resized\"><img loading=\"lazy\" src=\"https:\/\/jbensmai.fr\/pommier\/wp-content\/uploads\/2025\/05\/plan-acces.png\" alt=\"\" class=\"wp-image-216\" width=\"430\" height=\"381\"\/><\/figure><\/div>\n\n\n\n<ul><li><strong><span class=\"has-inline-color has-vivid-purple-color\">Fl\u00e9chage violet :<\/span><\/strong> <ul><li>En venant de Paris ou de Bordeaux ou de P\u00e9rigueux, prendre la D 1000. <\/li><li>Au rond point de Clairgon, prendre la D 674, direction Libourne. <\/li><li>Prendre ensuite \u00e0 droite la direction Cothiers-La Tourette, route de l\u2019Hippodrome.<\/li><\/ul><\/li><li><strong><span class=\"has-inline-color has-vivid-green-cyan-color\">Fl\u00e9chage vert&nbsp;:<\/span><\/strong> <ul><li>En venant de La Couronne, prendre la D 41, direction Voeuil et Giget. <\/li><li>Au carrefour \u00abLe Pont Neuf\u00bb, prendre la D 12, direction Le Petit Giget. <\/li><li>Prendre la direction Angoul\u00eame.<\/li><li>A la sortie du Petit Giget, prendre \u00e0 gauche la direction Cothiers-La Tourette, route de l\u2019Hippodrome.<\/li><\/ul><\/li><\/ul>\n\n\n\n<p>Quelque soit la route suivie, le rond-point suivant vous indiquera route de la Petite Tourette.<\/p>\n\n\n\n<h2 id=\"contacter\">Nous contacter<\/h2>\n\n\n\n<p>Les Pommiers de la Tourette<br>19 route de la Petite Tourette<br>16400 LA COURONNE<br>Tel : 06 16 47 96 63<br>Email : <a href=\"mailto:pommiers.tourette@gmail.com\">pommiers.tourette@gmail.com<\/a><\/p>\n\n\n\n<h2 id=\"partage-avis\">Partager votre avis avec d&rsquo;autres camping-caristes<\/h2>\n\n\n\n<p>Notre aire d&rsquo;accueil et de service est r\u00e9f\u00e9renc\u00e9e sur les sites suivants :<\/p>\n\n\n\n<ul><li><a href=\"https:\/\/www.park4night.com\/\">https:\/\/www.park4night.com<\/a><\/li><li><a href=\"https:\/\/www.google.fr\/maps\">https:\/\/www.google.fr\/maps<\/a><\/li><li><a href=\"http:\/\/www.i-campingcar.fr\" data-type=\"URL\" data-id=\"http:\/\/www.i-campingcar.fr\">http:\/\/www.i-campingcar.fr<\/a><\/li><li><a href=\"https:\/\/www.camping-car.com\">https:\/\/www.camping-car.com<\/a><\/li><\/ul>\n","protected":false},"excerpt":{"rendered":"<p>Venir \u00e0 l&rsquo;aire d&rsquo;accueil Pour parvenir \u00e0 destination Fl\u00e9chage violet : En venant de Paris ou de Bordeaux ou de P\u00e9rigueux, prendre la D 1000. Au rond point de Clairgon, prendre la D 674, direction Libourne. Prendre ensuite \u00e0 droite la direction Cothiers-La Tourette, route de l\u2019Hippodrome. Fl\u00e9chage vert&nbsp;: En venant de La Couronne, prendre [&hellip;]<\/p>\n","protected":false},"author":1,"featured_media":0,"parent":0,"menu_order":0,"comment_status":"closed","ping_status":"closed","template":"","meta":[],"_links":{"self":[{"href":"https:\/\/jbensmai.fr\/pommier\/index.php\/wp-json\/wp\/v2\/pages\/12"}],"collection":[{"href":"https:\/\/jbensmai.fr\/pommier\/index.php\/wp-json\/wp\/v2\/pages"}],"about":[{"href":"https:\/\/jbensmai.fr\/pommier\/index.php\/wp-json\/wp\/v2\/types\/page"}],"author":[{"embeddable":true,"href":"https:\/\/jbensmai.fr\/pommier\/index.php\/wp-json\/wp\/v2\/users\/1"}],"replies":[{"embeddable":true,"href":"https:\/\/jbensmai.fr\/pommier\/index.php\/wp-json\/wp\/v2\/comments?post=12"}],"version-history":[{"count":20,"href":"https:\/\/jbensmai.fr\/pommier\/index.php\/wp-json\/wp\/v2\/pages\/12\/revisions"}],"predecessor-version":[{"id":218,"href":"https:\/\/jbensmai.fr\/pommier\/index.php\/wp-json\/wp\/v2\/pages\/12\/revisions\/218"}],"wp:attachment":[{"href":"https:\/\/jbensmai.fr\/pommier\/index.php\/wp-json\/wp\/v2\/media?parent=12"}],"curies":[{"name":"wp","href":"https:\/\/api.w.org\/{rel}","templated":true}]}}